{"id":1051,"date":"2023-11-16T01:02:44","date_gmt":"2023-11-16T01:02:44","guid":{"rendered":"http:\/\/fesusepitesz.hu\/?page_id=1051"},"modified":"2023-11-16T01:03:29","modified_gmt":"2023-11-16T01:03:29","slug":"english","status":"publish","type":"page","link":"https:\/\/fesusepitesz.hu\/index.php\/english\/","title":{"rendered":"english"},"content":{"rendered":"\t\t<div data-elementor-type=\"wp-page\" data-elementor-id=\"1051\" class=\"elementor elementor-1051\" data-elementor-post-type=\"page\">\n\t\t\t\t\t\t\t\t\t<section class=\"elementor-section elementor-top-section elementor-element elementor-element-706545f9 elementor-section-height-min-height elementor-section-content-middle elementor-section-boxed elementor-section-height-default elementor-section-items-middle\" data-id=\"706545f9\" data-element_type=\"section\">\n\t\t\t\t\t\t<div class=\"elementor-container elementor-column-gap-default\">\n\t\t\t\t\t<div class=\"elementor-column elementor-col-50 elementor-top-column elementor-element elementor-element-0cfb23d\" data-id=\"0cfb23d\" data-element_type=\"column\">\n\t\t\t<div class=\"elementor-widget-wrap elementor-element-populated\">\n\t\t\t\t\t\t\t\t<div class=\"elementor-element elementor-element-5dfceb7 elementor-widget elementor-widget-heading\" data-id=\"5dfceb7\" data-element_type=\"widget\" data-widget_type=\"heading.default\">\n\t\t\t\t<div class=\"elementor-widget-container\">\n\t\t\t<style>\/*! elementor - v3.18.0 - 20-12-2023 *\/\n.elementor-heading-title{padding:0;margin:0;line-height:1}.elementor-widget-heading .elementor-heading-title[class*=elementor-size-]>a{color:inherit;font-size:inherit;line-height:inherit}.elementor-widget-heading .elementor-heading-title.elementor-size-small{font-size:15px}.elementor-widget-heading .elementor-heading-title.elementor-size-medium{font-size:19px}.elementor-widget-heading .elementor-heading-title.elementor-size-large{font-size:29px}.elementor-widget-heading .elementor-heading-title.elementor-size-xl{font-size:39px}.elementor-widget-heading .elementor-heading-title.elementor-size-xxl{font-size:59px}<\/style><h2 class=\"elementor-heading-title elementor-size-default\"><a href=\"http:\/\/fesusepitesz.hu\/\">F\u00c9S\u00dcS \u00c9P\u00cdT\u00c9SZ IRODA<\/a><\/h2>\t\t<\/div>\n\t\t\t\t<\/div>\n\t\t\t\t\t<\/div>\n\t\t<\/div>\n\t\t\t\t<div class=\"elementor-column elementor-col-50 elementor-top-column elementor-element elementor-element-16e645d8\" data-id=\"16e645d8\" data-element_type=\"column\">\n\t\t\t<div class=\"elementor-widget-wrap elementor-element-populated\">\n\t\t\t\t\t\t\t\t<div class=\"elementor-element elementor-element-48406cf elementor-widget elementor-widget-wp-widget-maxmegamenu\" data-id=\"48406cf\" data-element_type=\"widget\" data-widget_type=\"wp-widget-maxmegamenu.default\">\n\t\t\t\t<div class=\"elementor-widget-container\">\n\t\t\t<div id=\"mega-menu-wrap-primary\" class=\"mega-menu-wrap\"><div class=\"mega-menu-toggle\"><div class=\"mega-toggle-blocks-left\"><\/div><div class=\"mega-toggle-blocks-center\"><div class='mega-toggle-block mega-menu-toggle-block mega-toggle-block-1' id='mega-toggle-block-1' tabindex='0'><span class='mega-toggle-label' role='button' aria-expanded='false'><span class='mega-toggle-label-closed'><\/span><span class='mega-toggle-label-open'><\/span><\/span><\/div><\/div><div class=\"mega-toggle-blocks-right\"><\/div><\/div><ul id=\"mega-menu-primary\" class=\"mega-menu max-mega-menu mega-menu-horizontal mega-no-js\" data-event=\"hover_intent\" data-effect=\"fade_up\" data-effect-speed=\"200\" data-effect-mobile=\"disabled\" data-effect-speed-mobile=\"0\" data-panel-inner-width=\"#content\" data-mobile-force-width=\"body\" data-second-click=\"go\" data-document-click=\"collapse\" data-vertical-behaviour=\"standard\" data-breakpoint=\"768\" data-unbind=\"true\" data-mobile-state=\"collapse_all\" data-hover-intent-timeout=\"300\" data-hover-intent-interval=\"100\"><li class='mega-menu-item mega-menu-item-type-post_type mega-menu-item-object-page mega-menu-item-has-children mega-menu-megamenu mega-align-bottom-left mega-menu-grid mega-hide-arrow mega-menu-item-1800' id='mega-menu-item-1800'><a class=\"mega-menu-link\" href=\"https:\/\/fesusepitesz.hu\/index.php\/minden\/\" aria-haspopup=\"true\" aria-expanded=\"false\" tabindex=\"0\">MUNK\u00c1INK<span class=\"mega-indicator\"><\/span><\/a>\n<ul class=\"mega-sub-menu\">\n<li class='mega-menu-row' id='mega-menu-1800-0'>\n\t<ul class=\"mega-sub-menu\">\n<li class='mega-menu-column mega-menu-columns-3-of-12' id='mega-menu-1800-0-0'>\n\t\t<ul class=\"mega-sub-menu\">\n<li class='mega-menu-item mega-menu-item-type-post_type mega-menu-item-object-page mega-menu-item-1287' id='mega-menu-item-1287'><a class=\"mega-menu-link\" href=\"https:\/\/fesusepitesz.hu\/index.php\/minden\/\">Minden<\/a><\/li>\t\t<\/ul>\n<\/li><li class='mega-menu-column mega-menu-columns-3-of-12' id='mega-menu-1800-0-1'>\n\t\t<ul class=\"mega-sub-menu\">\n<li class='mega-menu-item mega-menu-item-type-post_type mega-menu-item-object-page mega-menu-item-1183' id='mega-menu-item-1183'><a class=\"mega-menu-link\" href=\"https:\/\/fesusepitesz.hu\/index.php\/kozepuletek\/\">K\u00f6z\u00e9p\u00fcletek<\/a><\/li>\t\t<\/ul>\n<\/li><li class='mega-menu-column mega-menu-columns-3-of-12' id='mega-menu-1800-0-2'>\n\t\t<ul class=\"mega-sub-menu\">\n<li class='mega-menu-item mega-menu-item-type-post_type mega-menu-item-object-page mega-menu-item-1184' id='mega-menu-item-1184'><a class=\"mega-menu-link\" href=\"https:\/\/fesusepitesz.hu\/index.php\/tobblakasos-lakoepuletek\/\">T\u00f6bblak\u00e1sos lak\u00f3\u00e9p\u00fcletek<\/a><\/li>\t\t<\/ul>\n<\/li><li class='mega-menu-column mega-menu-columns-3-of-12' id='mega-menu-1800-0-3'>\n\t\t<ul class=\"mega-sub-menu\">\n<li class='mega-menu-item mega-menu-item-type-post_type mega-menu-item-object-page mega-menu-item-905' id='mega-menu-item-905'><a class=\"mega-menu-link\" href=\"https:\/\/fesusepitesz.hu\/index.php\/referenciak\/\">CSAL\u00c1DI LAK\u00d3\u00c9P\u00dcLETEK<\/a><\/li>\t\t<\/ul>\n<\/li>\t<\/ul>\n<\/li><\/ul>\n<\/li><li class='mega-menu-item mega-menu-item-type-post_type mega-menu-item-object-page mega-menu-item-has-children mega-menu-megamenu mega-align-bottom-right mega-menu-grid mega-hide-arrow mega-close-after-click mega-disable-link mega-menu-item-1034' id='mega-menu-item-1034'><a class=\"mega-menu-link\" tabindex=\"0\" aria-haspopup=\"true\" aria-expanded=\"false\" role=\"button\">IRODA<span class=\"mega-indicator\"><\/span><\/a>\n<ul class=\"mega-sub-menu\">\n<li class='mega-menu-row' id='mega-menu-1034-0'>\n\t<ul class=\"mega-sub-menu\">\n<li class='mega-menu-column mega-menu-columns-3-of-12' id='mega-menu-1034-0-0'>\n\t\t<ul class=\"mega-sub-menu\">\n<li class='mega-menu-item mega-menu-item-type-post_type mega-menu-item-object-page mega-menu-item-1035' id='mega-menu-item-1035'><a class=\"mega-menu-link\" href=\"https:\/\/fesusepitesz.hu\/index.php\/cegismerteto\/\">R\u00f3lunk<\/a><\/li>\t\t<\/ul>\n<\/li><li class='mega-menu-column mega-menu-columns-3-of-12' id='mega-menu-1034-0-1'>\n\t\t<ul class=\"mega-sub-menu\">\n<li class='mega-menu-item mega-menu-item-type-post_type mega-menu-item-object-page mega-menu-item-1037' id='mega-menu-item-1037'><a class=\"mega-menu-link\" href=\"https:\/\/fesusepitesz.hu\/index.php\/tervezok\/\">Tervez\u0151k<\/a><\/li>\t\t<\/ul>\n<\/li><li class='mega-menu-column mega-menu-columns-3-of-12' id='mega-menu-1034-0-2'>\n\t\t<ul class=\"mega-sub-menu\">\n<li class='mega-menu-item mega-menu-item-type-post_type mega-menu-item-object-page mega-menu-item-2046' id='mega-menu-item-2046'><a class=\"mega-menu-link\" href=\"https:\/\/fesusepitesz.hu\/index.php\/tamogatasok\/\">T\u00e1mogat\u00e1sok<\/a><\/li>\t\t<\/ul>\n<\/li><li class='mega-menu-column mega-menu-columns-3-of-12' id='mega-menu-1034-0-3'><\/li>\t<\/ul>\n<\/li><\/ul>\n<\/li><li class='mega-menu-item mega-menu-item-type-post_type mega-menu-item-object-page mega-align-bottom-left mega-menu-flyout mega-menu-item-925' id='mega-menu-item-925'><a class=\"mega-menu-link\" href=\"https:\/\/fesusepitesz.hu\/index.php\/kapcsolat\/\" tabindex=\"0\">KAPCSOLAT<\/a><\/li><\/ul><\/div>\t\t<\/div>\n\t\t\t\t<\/div>\n\t\t\t\t\t<\/div>\n\t\t<\/div>\n\t\t\t\t\t\t\t<\/div>\n\t\t<\/section>\n\t\t\t\t<section class=\"elementor-section elementor-top-section elementor-element elementor-element-2b9cf084 elementor-section-content-middle elementor-section-full_width elementor-section-height-default elementor-section-height-default\" data-id=\"2b9cf084\" data-element_type=\"section\" data-settings=\"{&quot;background_background&quot;:&quot;classic&quot;}\">\n\t\t\t\t\t\t<div class=\"elementor-container elementor-column-gap-no\">\n\t\t\t\t\t<div class=\"elementor-column elementor-col-100 elementor-top-column elementor-element elementor-element-2dc7c7e1\" data-id=\"2dc7c7e1\" data-element_type=\"column\">\n\t\t\t<div class=\"elementor-widget-wrap elementor-element-populated\">\n\t\t\t\t\t\t\t\t<div class=\"elementor-element elementor-element-58ee09a4 elementor-skin-carousel elementor-widget elementor-widget-media-carousel\" data-id=\"58ee09a4\" data-element_type=\"widget\" data-settings=\"{&quot;space_between&quot;:{&quot;unit&quot;:&quot;px&quot;,&quot;size&quot;:0,&quot;sizes&quot;:[]},&quot;slides_per_view&quot;:&quot;1&quot;,&quot;speed&quot;:1500,&quot;autoplay_speed&quot;:6000,&quot;slides_to_scroll&quot;:&quot;1&quot;,&quot;skin&quot;:&quot;carousel&quot;,&quot;effect&quot;:&quot;slide&quot;,&quot;autoplay&quot;:&quot;yes&quot;,&quot;loop&quot;:&quot;yes&quot;,&quot;pause_on_hover&quot;:&quot;yes&quot;,&quot;pause_on_interaction&quot;:&quot;yes&quot;,&quot;space_between_tablet&quot;:{&quot;unit&quot;:&quot;px&quot;,&quot;size&quot;:10,&quot;sizes&quot;:[]},&quot;space_between_mobile&quot;:{&quot;unit&quot;:&quot;px&quot;,&quot;size&quot;:10,&quot;sizes&quot;:[]}}\" data-widget_type=\"media-carousel.default\">\n\t\t\t\t<div class=\"elementor-widget-container\">\n\t\t\t<link rel=\"stylesheet\" href=\"https:\/\/fesusepitesz.hu\/wp-content\/plugins\/elementor-pro\/assets\/css\/widget-carousel.min.css\">\t\t<div class=\"elementor-swiper\">\n\t\t\t<div class=\"elementor-main-swiper swiper\">\n\t\t\t\t<div class=\"swiper-wrapper\">\n\t\t\t\t\t\t\t\t\t\t\t<div class=\"swiper-slide\">\n\t\t\t\t\t\t\t\t\t<div class=\"elementor-carousel-image\" role=\"img\" aria-label=\"IMG_6577\" style=\"background-image: url(&#039;https:\/\/fesusepitesz.hu\/wp-content\/uploads\/2023\/10\/IMG_6577.png&#039;)\">\n\n\t\t\t\n\t\t\t\t\t<\/div>\n\t\t\t\t\t\t\t\t<\/div>\n\t\t\t\t\t\t\t\t\t\t\t<div class=\"swiper-slide\">\n\t\t\t\t\t\t\t\t\t<div class=\"elementor-carousel-image\" role=\"img\" aria-label=\"DSC_0331\" style=\"background-image: url(&#039;https:\/\/fesusepitesz.hu\/wp-content\/uploads\/2023\/10\/DSC_0331.png&#039;)\">\n\n\t\t\t\n\t\t\t\t\t<\/div>\n\t\t\t\t\t\t\t\t<\/div>\n\t\t\t\t\t\t\t\t\t\t\t<div class=\"swiper-slide\">\n\t\t\t\t\t\t\t\t\t<div class=\"elementor-carousel-image\" role=\"img\" aria-label=\"Bajcsy-Zsilinszky_u_40_01\" style=\"background-image: url(&#039;https:\/\/fesusepitesz.hu\/wp-content\/uploads\/2023\/10\/Bajcsy-Zsilinszky_u_40_01-1.png&#039;)\">\n\n\t\t\t\n\t\t\t\t\t<\/div>\n\t\t\t\t\t\t\t\t<\/div>\n\t\t\t\t\t\t\t\t\t\t\t<div class=\"swiper-slide\">\n\t\t\t\t\t\t\t\t\t<div class=\"elementor-carousel-image\" role=\"img\" aria-label=\"IMG_5016\" style=\"background-image: url(&#039;https:\/\/fesusepitesz.hu\/wp-content\/uploads\/2023\/10\/IMG_5016-1.png&#039;)\">\n\n\t\t\t\n\t\t\t\t\t<\/div>\n\t\t\t\t\t\t\t\t<\/div>\n\t\t\t\t\t\t\t\t\t\t\t<div class=\"swiper-slide\">\n\t\t\t\t\t\t\t\t\t<div class=\"elementor-carousel-image\" role=\"img\" aria-label=\"LION_01\" style=\"background-image: url(&#039;https:\/\/fesusepitesz.hu\/wp-content\/uploads\/2023\/10\/LION_01.png&#039;)\">\n\n\t\t\t\n\t\t\t\t\t<\/div>\n\t\t\t\t\t\t\t\t<\/div>\n\t\t\t\t\t\t\t\t\t<\/div>\n\t\t\t\t\t\t\t\t\t\t\t\t\t\t\t\t\t\t\t\t\t<\/div>\n\t\t<\/div>\n\t\t\t\t<\/div>\n\t\t\t\t<\/div>\n\t\t\t\t\t<\/div>\n\t\t<\/div>\n\t\t\t\t\t\t\t<\/div>\n\t\t<\/section>\n\t\t\t\t<section class=\"elementor-section elementor-top-section elementor-element elementor-element-f31b3d6 elementor-section-boxed elementor-section-height-default elementor-section-height-default\" data-id=\"f31b3d6\" data-element_type=\"section\">\n\t\t\t\t\t\t<div class=\"elementor-container elementor-column-gap-default\">\n\t\t\t\t\t<div class=\"elementor-column elementor-col-100 elementor-top-column elementor-element elementor-element-72b9d21\" data-id=\"72b9d21\" data-element_type=\"column\">\n\t\t\t<div class=\"elementor-widget-wrap\">\n\t\t\t\t\t\t\t\t\t<\/div>\n\t\t<\/div>\n\t\t\t\t\t\t\t<\/div>\n\t\t<\/section>\n\t\t\t\t\t\t\t<\/div>\n\t\t","protected":false},"excerpt":{"rendered":"<p>F\u00c9S\u00dcS \u00c9P\u00cdT\u00c9SZ IRODA<\/p>\n","protected":false},"author":1,"featured_media":0,"parent":0,"menu_order":0,"comment_status":"closed","ping_status":"closed","template":"elementor_canvas","meta":{"neve_meta_sidebar":"","neve_meta_container":"","neve_meta_enable_content_width":"","neve_meta_content_width":0,"neve_meta_title_alignment":"","neve_meta_author_avatar":"","neve_post_elements_order":"","neve_meta_disable_header":"","neve_meta_disable_footer":"","neve_meta_disable_title":"","footnotes":""},"yoast_head":"<!-- This site is optimized with the Yoast SEO plugin v21.9.1 - https:\/\/yoast.com\/wordpress\/plugins\/seo\/ -->\n<title>english - fesusepitesz<\/title>\n<meta name=\"robots\" content=\"index, follow, max-snippet:-1, max-image-preview:large, max-video-preview:-1\" \/>\n<link rel=\"canonical\" href=\"https:\/\/fesusepitesz.hu\/index.php\/english\/\" \/>\n<meta property=\"og:locale\" content=\"en_US\" \/>\n<meta property=\"og:type\" content=\"article\" \/>\n<meta property=\"og:title\" content=\"english - fesusepitesz\" \/>\n<meta property=\"og:description\" content=\"F\u00c9S\u00dcS \u00c9P\u00cdT\u00c9SZ IRODA\" \/>\n<meta property=\"og:url\" content=\"https:\/\/fesusepitesz.hu\/index.php\/english\/\" \/>\n<meta property=\"og:site_name\" content=\"fesusepitesz\" \/>\n<meta property=\"article:modified_time\" content=\"2023-11-16T01:03:29+00:00\" \/>\n<meta name=\"twitter:card\" content=\"summary_large_image\" \/>\n<script type=\"application\/ld+json\" class=\"yoast-schema-graph\">{\"@context\":\"https:\/\/schema.org\",\"@graph\":[{\"@type\":\"WebPage\",\"@id\":\"https:\/\/fesusepitesz.hu\/index.php\/english\/\",\"url\":\"https:\/\/fesusepitesz.hu\/index.php\/english\/\",\"name\":\"english - fesusepitesz\",\"isPartOf\":{\"@id\":\"https:\/\/fesusepitesz.hu\/#website\"},\"datePublished\":\"2023-11-16T01:02:44+00:00\",\"dateModified\":\"2023-11-16T01:03:29+00:00\",\"breadcrumb\":{\"@id\":\"https:\/\/fesusepitesz.hu\/index.php\/english\/#breadcrumb\"},\"inLanguage\":\"en-US\",\"potentialAction\":[{\"@type\":\"ReadAction\",\"target\":[\"https:\/\/fesusepitesz.hu\/index.php\/english\/\"]}]},{\"@type\":\"BreadcrumbList\",\"@id\":\"https:\/\/fesusepitesz.hu\/index.php\/english\/#breadcrumb\",\"itemListElement\":[{\"@type\":\"ListItem\",\"position\":1,\"name\":\"Home\",\"item\":\"https:\/\/fesusepitesz.hu\/\"},{\"@type\":\"ListItem\",\"position\":2,\"name\":\"english\"}]},{\"@type\":\"WebSite\",\"@id\":\"https:\/\/fesusepitesz.hu\/#website\",\"url\":\"https:\/\/fesusepitesz.hu\/\",\"name\":\"F\u00e9s\u00fcs \u00e9p\u00edt\u00e9sz\",\"description\":\"\",\"potentialAction\":[{\"@type\":\"SearchAction\",\"target\":{\"@type\":\"EntryPoint\",\"urlTemplate\":\"https:\/\/fesusepitesz.hu\/?s={search_term_string}\"},\"query-input\":\"required name=search_term_string\"}],\"inLanguage\":\"en-US\"}]}<\/script>\n<!-- \/ Yoast SEO plugin. -->","yoast_head_json":{"title":"english - fesusepitesz","robots":{"index":"index","follow":"follow","max-snippet":"max-snippet:-1","max-image-preview":"max-image-preview:large","max-video-preview":"max-video-preview:-1"},"canonical":"https:\/\/fesusepitesz.hu\/index.php\/english\/","og_locale":"en_US","og_type":"article","og_title":"english - fesusepitesz","og_description":"F\u00c9S\u00dcS \u00c9P\u00cdT\u00c9SZ IRODA","og_url":"https:\/\/fesusepitesz.hu\/index.php\/english\/","og_site_name":"fesusepitesz","article_modified_time":"2023-11-16T01:03:29+00:00","twitter_card":"summary_large_image","schema":{"@context":"https:\/\/schema.org","@graph":[{"@type":"WebPage","@id":"https:\/\/fesusepitesz.hu\/index.php\/english\/","url":"https:\/\/fesusepitesz.hu\/index.php\/english\/","name":"english - fesusepitesz","isPartOf":{"@id":"https:\/\/fesusepitesz.hu\/#website"},"datePublished":"2023-11-16T01:02:44+00:00","dateModified":"2023-11-16T01:03:29+00:00","breadcrumb":{"@id":"https:\/\/fesusepitesz.hu\/index.php\/english\/#breadcrumb"},"inLanguage":"en-US","potentialAction":[{"@type":"ReadAction","target":["https:\/\/fesusepitesz.hu\/index.php\/english\/"]}]},{"@type":"BreadcrumbList","@id":"https:\/\/fesusepitesz.hu\/index.php\/english\/#breadcrumb","itemListElement":[{"@type":"ListItem","position":1,"name":"Home","item":"https:\/\/fesusepitesz.hu\/"},{"@type":"ListItem","position":2,"name":"english"}]},{"@type":"WebSite","@id":"https:\/\/fesusepitesz.hu\/#website","url":"https:\/\/fesusepitesz.hu\/","name":"F\u00e9s\u00fcs \u00e9p\u00edt\u00e9sz","description":"","potentialAction":[{"@type":"SearchAction","target":{"@type":"EntryPoint","urlTemplate":"https:\/\/fesusepitesz.hu\/?s={search_term_string}"},"query-input":"required name=search_term_string"}],"inLanguage":"en-US"}]}},"_links":{"self":[{"href":"https:\/\/fesusepitesz.hu\/index.php\/wp-json\/wp\/v2\/pages\/1051"}],"collection":[{"href":"https:\/\/fesusepitesz.hu\/index.php\/wp-json\/wp\/v2\/pages"}],"about":[{"href":"https:\/\/fesusepitesz.hu\/index.php\/wp-json\/wp\/v2\/types\/page"}],"author":[{"embeddable":true,"href":"https:\/\/fesusepitesz.hu\/index.php\/wp-json\/wp\/v2\/users\/1"}],"replies":[{"embeddable":true,"href":"https:\/\/fesusepitesz.hu\/index.php\/wp-json\/wp\/v2\/comments?post=1051"}],"version-history":[{"count":4,"href":"https:\/\/fesusepitesz.hu\/index.php\/wp-json\/wp\/v2\/pages\/1051\/revisions"}],"predecessor-version":[{"id":1055,"href":"https:\/\/fesusepitesz.hu\/index.php\/wp-json\/wp\/v2\/pages\/1051\/revisions\/1055"}],"wp:attachment":[{"href":"https:\/\/fesusepitesz.hu\/index.php\/wp-json\/wp\/v2\/media?parent=1051"}],"curies":[{"name":"wp","href":"https:\/\/api.w.org\/{rel}","templated":true}]}}