{"id":258,"date":"2023-10-10T19:29:39","date_gmt":"2023-10-10T19:29:39","guid":{"rendered":"http:\/\/fesusepitesz.hu\/?page_id=258"},"modified":"2024-03-29T20:08:03","modified_gmt":"2024-03-29T20:08:03","slug":"cegismerteto","status":"publish","type":"page","link":"https:\/\/fesusepitesz.hu\/index.php\/cegismerteto\/","title":{"rendered":"R\u00f3lunk"},"content":{"rendered":"\t\t<div data-elementor-type=\"wp-page\" data-elementor-id=\"258\" class=\"elementor elementor-258\" data-elementor-post-type=\"page\">\n\t\t\t\t\t\t\t\t\t<section class=\"elementor-section elementor-top-section elementor-element elementor-element-7904491c elementor-section-content-middle elementor-section-boxed elementor-section-height-default elementor-section-height-default\" data-id=\"7904491c\" data-element_type=\"section\" data-settings=\"{&quot;background_background&quot;:&quot;classic&quot;,&quot;background_motion_fx_motion_fx_mouse&quot;:&quot;yes&quot;,&quot;background_motion_fx_mouseTrack_effect&quot;:&quot;yes&quot;,&quot;background_motion_fx_mouseTrack_speed&quot;:{&quot;unit&quot;:&quot;px&quot;,&quot;size&quot;:0.1,&quot;sizes&quot;:[]}}\">\n\t\t\t\t\t\t\t<div class=\"elementor-background-overlay\"><\/div>\n\t\t\t\t\t\t\t<div class=\"elementor-container elementor-column-gap-no\">\n\t\t\t\t\t<div class=\"elementor-column elementor-col-100 elementor-top-column elementor-element elementor-element-19181ef2\" data-id=\"19181ef2\" data-element_type=\"column\">\n\t\t\t<div class=\"elementor-widget-wrap elementor-element-populated\">\n\t\t\t\t\t\t\t\t<section class=\"elementor-section elementor-inner-section elementor-element elementor-element-1b539a90 elementor-section-content-top elementor-section-boxed elementor-section-height-default elementor-section-height-default\" data-id=\"1b539a90\" data-element_type=\"section\">\n\t\t\t\t\t\t<div class=\"elementor-container elementor-column-gap-no\">\n\t\t\t\t\t<div class=\"elementor-column elementor-col-100 elementor-inner-column elementor-element elementor-element-2e37e2bc animated-slow elementor-invisible\" data-id=\"2e37e2bc\" data-element_type=\"column\" id=\"glass\" data-settings=\"{&quot;animation&quot;:&quot;fadeInUp&quot;,&quot;animation_delay&quot;:100}\">\n\t\t\t<div class=\"elementor-widget-wrap elementor-element-populated\">\n\t\t\t\t\t\t\t\t<div class=\"elementor-element elementor-element-1b64fff elementor-widget elementor-widget-heading\" data-id=\"1b64fff\" data-element_type=\"widget\" data-widget_type=\"heading.default\">\n\t\t\t\t<div class=\"elementor-widget-container\">\n\t\t\t<style>\/*! elementor - v3.18.0 - 20-12-2023 *\/\n.elementor-heading-title{padding:0;margin:0;line-height:1}.elementor-widget-heading .elementor-heading-title[class*=elementor-size-]>a{color:inherit;font-size:inherit;line-height:inherit}.elementor-widget-heading .elementor-heading-title.elementor-size-small{font-size:15px}.elementor-widget-heading .elementor-heading-title.elementor-size-medium{font-size:19px}.elementor-widget-heading .elementor-heading-title.elementor-size-large{font-size:29px}.elementor-widget-heading .elementor-heading-title.elementor-size-xl{font-size:39px}.elementor-widget-heading .elementor-heading-title.elementor-size-xxl{font-size:59px}<\/style><h4 class=\"elementor-heading-title elementor-size-default\">IRODA<\/h4>\t\t<\/div>\n\t\t\t\t<\/div>\n\t\t\t\t<div class=\"elementor-element elementor-element-c697158 elementor-widget elementor-widget-text-editor\" data-id=\"c697158\" data-element_type=\"widget\" data-widget_type=\"text-editor.default\">\n\t\t\t\t<div class=\"elementor-widget-container\">\n\t\t\t<style>\/*! elementor - v3.18.0 - 20-12-2023 *\/\n.elementor-widget-text-editor.elementor-drop-cap-view-stacked .elementor-drop-cap{background-color:#69727d;color:#fff}.elementor-widget-text-editor.elementor-drop-cap-view-framed .elementor-drop-cap{color:#69727d;border:3px solid;background-color:transparent}.elementor-widget-text-editor:not(.elementor-drop-cap-view-default) .elementor-drop-cap{margin-top:8px}.elementor-widget-text-editor:not(.elementor-drop-cap-view-default) .elementor-drop-cap-letter{width:1em;height:1em}.elementor-widget-text-editor .elementor-drop-cap{float:left;text-align:center;line-height:1;font-size:50px}.elementor-widget-text-editor .elementor-drop-cap-letter{display:inline-block}<\/style>\t\t\t\t<p><span style=\"font-weight: 400;\">Az iroda a jelenlegi strukt\u00far\u00e1j\u00e1ban 1998. \u00f3ta m\u0171k\u00f6dik. Tulajdonosa az \u00fcgyvezet\u0151i hat\u00e1sk\u00f6rt is ell\u00e1t\u00f3 F\u00e9s\u00fcs P\u00e9ter vezet\u0151 tervez\u0151. Az iroda \u201eklasszikus\u201d \u00e9p\u00edt\u00e9sziroda, h\u00e1zon bel\u00fcl csak az \u00e9p\u00edt\u00e9szeti \u2013 gener\u00e1ltervez\u00e9si szak\u00e1gakat foglalja mag\u00e1ba. Az iroda \u201ebels\u0151\u201d l\u00e9tsz\u00e1ma jelenleg 5 f\u0151. A j\u00f3l \u00f6sszeszokott csapat rugalmasan \u00e9s dinamikusan k\u00e9pes megoldani mindig az adott feladatot, a kapacit\u00e1st pedig a k\u00fcls\u0151 kapcsolatokkal, strat\u00e9giai partnerekkel lehet a k\u00edv\u00e1nt m\u00e9rt\u00e9kre n\u00f6velni. A kapcsol\u00f3d\u00f3 t\u00e1rs \u00e9s szaktervez\u0151i munk\u00e1kra k\u00fcls\u0151 c\u00e9gekkel alak\u00edtott ki hossz\u00fa t\u00e1v\u00fa egy\u00fcttm\u0171k\u00f6d\u00e9st. Az egy\u00fcttm\u0171k\u00f6d\u00e9sre garancia az egy\u00fcttm\u0171k\u00f6d\u0151 irod\u00e1kkal val\u00f3 j\u00f3 kapcsolat<\/span><\/p>\t\t\t\t\t\t<\/div>\n\t\t\t\t<\/div>\n\t\t\t\t\t<\/div>\n\t\t<\/div>\n\t\t\t\t\t\t\t<\/div>\n\t\t<\/section>\n\t\t\t\t<section class=\"elementor-section elementor-inner-section elementor-element elementor-element-68b97532 elementor-section-content-top elementor-section-boxed elementor-section-height-default elementor-section-height-default\" data-id=\"68b97532\" data-element_type=\"section\">\n\t\t\t\t\t\t<div class=\"elementor-container elementor-column-gap-no\">\n\t\t\t\t\t<div class=\"elementor-column elementor-col-100 elementor-inner-column elementor-element elementor-element-742b0089 animated-slow elementor-invisible\" data-id=\"742b0089\" data-element_type=\"column\" id=\"glass\" data-settings=\"{&quot;animation&quot;:&quot;fadeInUp&quot;,&quot;animation_delay&quot;:200}\">\n\t\t\t<div class=\"elementor-widget-wrap elementor-element-populated\">\n\t\t\t\t\t\t\t\t<div class=\"elementor-element elementor-element-29a7d6de elementor-widget elementor-widget-heading\" data-id=\"29a7d6de\" data-element_type=\"widget\" data-widget_type=\"heading.default\">\n\t\t\t\t<div class=\"elementor-widget-container\">\n\t\t\t<h4 class=\"elementor-heading-title elementor-size-default\">\u00dcgyvezet\u0151<\/h4>\t\t<\/div>\n\t\t\t\t<\/div>\n\t\t\t\t<div class=\"elementor-element elementor-element-288f9b8b elementor-widget elementor-widget-text-editor\" data-id=\"288f9b8b\" data-element_type=\"widget\" data-widget_type=\"text-editor.default\">\n\t\t\t\t<div class=\"elementor-widget-container\">\n\t\t\t\t\t\t\t<p><span style=\"font-weight: 400;\">F\u00e9s\u00fcs P\u00e9ter a Budapesti M\u0171szaki Egyetemen v\u00e9gzett n\u00edv\u00f3d\u00edjas okleveles \u00e9p\u00edt\u00e9szm\u00e9rn\u00f6k, vezet\u0151 tervez\u0151, aki 2008-2018-ig a Debrecen Megyei Jog\u00fa V\u00e1ros \u00c9p\u00edt\u00e9szeti-M\u0171szaki Tervtan\u00e1cs\u00e1nak, jelenleg Hajd\u00faszoboszl\u00f3 \u00c9p\u00edt\u00e9szeti Tervtan\u00e1cs\u00e1nak tagja.<\/span><\/p>\t\t\t\t\t\t<\/div>\n\t\t\t\t<\/div>\n\t\t\t\t\t<\/div>\n\t\t<\/div>\n\t\t\t\t\t\t\t<\/div>\n\t\t<\/section>\n\t\t\t\t<section class=\"elementor-section elementor-inner-section elementor-element elementor-element-8183a6f elementor-section-content-top elementor-section-boxed elementor-section-height-default elementor-section-height-default\" data-id=\"8183a6f\" data-element_type=\"section\">\n\t\t\t\t\t\t<div class=\"elementor-container elementor-column-gap-no\">\n\t\t\t\t\t<div class=\"elementor-column elementor-col-100 elementor-inner-column elementor-element elementor-element-9c49abf animated-slow elementor-invisible\" data-id=\"9c49abf\" data-element_type=\"column\" id=\"glass\" data-settings=\"{&quot;animation&quot;:&quot;fadeInUp&quot;,&quot;animation_delay&quot;:200}\">\n\t\t\t<div class=\"elementor-widget-wrap elementor-element-populated\">\n\t\t\t\t\t\t\t\t<div class=\"elementor-element elementor-element-e1e8bdf elementor-widget elementor-widget-heading\" data-id=\"e1e8bdf\" data-element_type=\"widget\" data-widget_type=\"heading.default\">\n\t\t\t\t<div class=\"elementor-widget-container\">\n\t\t\t<h4 class=\"elementor-heading-title elementor-size-default\">Tev\u00e9kenys\u00e9gi k\u00f6r\n<\/h4>\t\t<\/div>\n\t\t\t\t<\/div>\n\t\t\t\t<div class=\"elementor-element elementor-element-2aeeeaa elementor-widget elementor-widget-text-editor\" data-id=\"2aeeeaa\" data-element_type=\"widget\" data-widget_type=\"text-editor.default\">\n\t\t\t\t<div class=\"elementor-widget-container\">\n\t\t\t\t\t\t\t<p><span style=\"font-weight: 400;\">A F\u00c9S\u00dcS \u00c9P\u00cdT\u00c9SZ Tervez\u0151 Kft. 1998. \u00e9vben alakult meg \u00c9P-TERV 98 Bt. n\u00e9ven. Az iroda megalap\u00edt\u00e1s\u00e1nak c\u00e9lja az volt, hogy a megrendel\u0151k, \u00e9p\u00edttet\u0151k sz\u00e1m\u00e1ra magas sz\u00ednvonal\u00fa, komplex \u00e9p\u00edt\u00e9szeti szolg\u00e1ltat\u00e1st ny\u00fajtson. Az \u00e9p\u00edt\u00e9sz iroda \u00f6n\u00e1ll\u00f3an tev\u00e9kenykedett projektek gener\u00e1l tervez\u0151jek\u00e9nt, telekbe\u00e9p\u00edt\u00e9s vizsg\u00e1latokt\u00f3l kezdve elvi \u00e9p\u00edt\u00e9si enged\u00e9lyez\u00e9si, \u00e9p\u00edt\u00e9si enged\u00e9lyez\u00e9si \u00e9s kiviteli tervek elk\u00e9sz\u00edt\u00e9s\u00e9nek f\u00e1zisaiban. A tervez\u0151iroda az \u00e9p\u00edt\u00e9sz tervez\u00e9s sz\u00e1mos ter\u00fclet\u00e9n szerzett gyakorlatot. Tervezett lak\u00f3parkot, aut\u00f3szalont, id\u0151sek otthon\u00e1t, luxus csal\u00e1di lak\u00f3\u00e9p\u00fcletet, 100 szob\u00e1s sz\u00e1llod\u00e1t, irodah\u00e1zat, v\u00e9dett villa\u00e9p\u00fclet fel\u00faj\u00edt\u00e1s\u00e1t &#8211; b\u0151v\u00edt\u00e9s\u00e9t, oktat\u00f3 orvosi rendel\u0151t.<\/span><\/p>\t\t\t\t\t\t<\/div>\n\t\t\t\t<\/div>\n\t\t\t\t\t<\/div>\n\t\t<\/div>\n\t\t\t\t\t\t\t<\/div>\n\t\t<\/section>\n\t\t\t\t<section class=\"elementor-section elementor-inner-section elementor-element elementor-element-c82ef4f elementor-section-content-top elementor-section-boxed elementor-section-height-default elementor-section-height-default\" data-id=\"c82ef4f\" data-element_type=\"section\">\n\t\t\t\t\t\t<div class=\"elementor-container elementor-column-gap-no\">\n\t\t\t\t\t<div class=\"elementor-column elementor-col-100 elementor-inner-column elementor-element elementor-element-d700ee0 animated-slow elementor-invisible\" data-id=\"d700ee0\" data-element_type=\"column\" id=\"glass\" data-settings=\"{&quot;animation&quot;:&quot;fadeInUp&quot;,&quot;animation_delay&quot;:200}\">\n\t\t\t<div class=\"elementor-widget-wrap elementor-element-populated\">\n\t\t\t\t\t\t\t\t<div class=\"elementor-element elementor-element-27da107 elementor-widget elementor-widget-heading\" data-id=\"27da107\" data-element_type=\"widget\" data-widget_type=\"heading.default\">\n\t\t\t\t<div class=\"elementor-widget-container\">\n\t\t\t<h4 class=\"elementor-heading-title elementor-size-default\">Beruh\u00e1z\u00e1saink<\/h4>\t\t<\/div>\n\t\t\t\t<\/div>\n\t\t\t\t<div class=\"elementor-element elementor-element-ed3efa3 elementor-widget elementor-widget-text-editor\" data-id=\"ed3efa3\" data-element_type=\"widget\" data-widget_type=\"text-editor.default\">\n\t\t\t\t<div class=\"elementor-widget-container\">\n\t\t\t\t\t\t\t<p><span style=\"font-weight: 400;\">Az \u00e9p\u00edt\u00e9szeti tervez\u00e9si feladatok mellett a F\u00e9s\u00fcs \u00c9p\u00edt\u00e9sz Kft. saj\u00e1t beruh\u00e1z\u00e1sban megval\u00f3sul\u00f3 ingatlanfejleszt\u00e9ssel foglalkozik. Az elm\u00falt \u00e9vekben Debrecenben, Ny\u00edregyh\u00e1z\u00e1n, Balatonlell\u00e9n a T\u00f3 utc\u00e1n \u00e9s a Napsug\u00e1r utc\u00e1n val\u00f3sultak meg saj\u00e1t beruh\u00e1z\u00e1sban t\u00f6bblak\u00e1sos lak\u00f3\u00e9p\u00fcletek. Jelenleg Debrecen belv\u00e1ros\u00e1ban \u00e9s Nagyerdei \u00f6vezet\u00e9ben k\u00e9sz\u00fclnek magas sz\u00ednvonal\u00fa lak\u00f3\u00e9p\u00fcleteink.<\/span><\/p><p><span style=\"font-weight: 400;\">Az ingatlanfejleszt\u00e9sekn\u00e9l nem a be\u00e9p\u00edt\u00e9si param\u00e9terek maxim\u00e1lis m\u00e9rt\u00e9kig t\u00f6rt\u00e9n\u0151 kihaszn\u00e1l\u00e1sa, sokkal ink\u00e1bb \u00e9rt\u00e9k\u00e1ll\u00f3 \u00e9p\u00fcletek l\u00e9trehoz\u00e1sa mellett a k\u00f6rnyezettel harmoniz\u00e1l\u00f3, \u00e9lhet\u0151 emberi terek l\u00e9trehoz\u00e1sa a c\u00e9l.<\/span><\/p><p><span style=\"font-weight: 400;\">A lak\u00f3\u00e9p\u00fcletek tervez\u00e9s\u00e9n\u00e9l els\u0151dleges elv\u00e1r\u00e1sk\u00e9nt szerepel a haszn\u00e1lhat\u00f3s\u00e1g, fenntarthat\u00f3s\u00e1g \u00e9s az egyedi megjelen\u00e9s, m\u00edg az \u00e9p\u00fcletek kivitelez\u00e9s\u00e9n\u00e9l a min\u0151s\u00e9g \u00e9s tart\u00f3ss\u00e1g. Az ingatlanfejleszt\u00e9seink mind ezen szempontok figyelembev\u00e9tel\u00e9vel val\u00f3sulnak meg.<\/span><\/p>\t\t\t\t\t\t<\/div>\n\t\t\t\t<\/div>\n\t\t\t\t\t<\/div>\n\t\t<\/div>\n\t\t\t\t\t\t\t<\/div>\n\t\t<\/section>\n\t\t\t\t<section class=\"elementor-section elementor-inner-section elementor-element elementor-element-6bf2d3e elementor-section-content-top elementor-section-boxed elementor-section-height-default elementor-section-height-default\" data-id=\"6bf2d3e\" data-element_type=\"section\">\n\t\t\t\t\t\t<div class=\"elementor-container elementor-column-gap-no\">\n\t\t\t\t\t<div class=\"elementor-column elementor-col-100 elementor-inner-column elementor-element elementor-element-e2ce6a7 animated-slow elementor-invisible\" data-id=\"e2ce6a7\" data-element_type=\"column\" id=\"glass\" data-settings=\"{&quot;animation&quot;:&quot;fadeInUp&quot;,&quot;animation_delay&quot;:200}\">\n\t\t\t<div class=\"elementor-widget-wrap elementor-element-populated\">\n\t\t\t\t\t\t\t\t<div class=\"elementor-element elementor-element-d2ba2cb elementor-widget elementor-widget-heading\" data-id=\"d2ba2cb\" data-element_type=\"widget\" data-widget_type=\"heading.default\">\n\t\t\t\t<div class=\"elementor-widget-container\">\n\t\t\t<h4 class=\"elementor-heading-title elementor-size-default\">C\u00e9lok<\/h4>\t\t<\/div>\n\t\t\t\t<\/div>\n\t\t\t\t<div class=\"elementor-element elementor-element-1c98305 elementor-widget elementor-widget-text-editor\" data-id=\"1c98305\" data-element_type=\"widget\" data-widget_type=\"text-editor.default\">\n\t\t\t\t<div class=\"elementor-widget-container\">\n\t\t\t\t\t\t\t<p><span style=\"font-weight: 400;\">Fontosnak tartjuk, hogy partnereink sz\u00e1m\u00e1ra magas sz\u00ednvonal\u00fa tervez\u00e9si \u201eszolg\u00e1ltat\u00e1st\u201d ny\u00fajtsunk, mely gazdas\u00e1gos \u00e9s min\u0151s\u00e9gi ingatlanfejleszt\u00e9seket tesz lehet\u0151v\u00e9, kiemelked\u0151 \u00e9p\u00edt\u00e9szeti sz\u00ednvonalon. El\u0151bbire meg\u00e9p\u00fclt \u00e9p\u00fcleteink jelent referenci\u00e1t, ut\u00f3bbira a tervtan\u00e1csi v\u00e9lem\u00e9nyek.<\/span><\/p>\t\t\t\t\t\t<\/div>\n\t\t\t\t<\/div>\n\t\t\t\t\t<\/div>\n\t\t<\/div>\n\t\t\t\t\t\t\t<\/div>\n\t\t<\/section>\n\t\t\t\t<section class=\"elementor-section elementor-inner-section elementor-element elementor-element-3c94da2e elementor-section-content-top elementor-section-boxed elementor-section-height-default elementor-section-height-default\" data-id=\"3c94da2e\" data-element_type=\"section\">\n\t\t\t\t\t\t<div class=\"elementor-container elementor-column-gap-no\">\n\t\t\t\t\t<div class=\"elementor-column elementor-col-100 elementor-inner-column elementor-element elementor-element-70276ec\" data-id=\"70276ec\" data-element_type=\"column\">\n\t\t\t<div class=\"elementor-widget-wrap elementor-element-populated\">\n\t\t\t\t\t\t\t\t<div class=\"elementor-element elementor-element-1062ad0 elementor-widget elementor-widget-image\" data-id=\"1062ad0\" data-element_type=\"widget\" data-widget_type=\"image.default\">\n\t\t\t\t<div class=\"elementor-widget-container\">\n\t\t\t<style>\/*! elementor - v3.18.0 - 20-12-2023 *\/\n.elementor-widget-image{text-align:center}.elementor-widget-image a{display:inline-block}.elementor-widget-image a img[src$=\".svg\"]{width:48px}.elementor-widget-image img{vertical-align:middle;display:inline-block}<\/style>\t\t\t\t\t\t\t\t\t\t\t\t<img fetchpriority=\"high\" decoding=\"async\" width=\"724\" height=\"1024\" src=\"https:\/\/fesusepitesz.hu\/wp-content\/uploads\/2024\/03\/FinCertificateFull_194786_24648419-2-09_1-1_page-0001-1-724x1024.jpg\" class=\"attachment-large size-large wp-image-2884\" alt=\"\" srcset=\"https:\/\/fesusepitesz.hu\/wp-content\/uploads\/2024\/03\/FinCertificateFull_194786_24648419-2-09_1-1_page-0001-1-724x1024.jpg 724w, https:\/\/fesusepitesz.hu\/wp-content\/uploads\/2024\/03\/FinCertificateFull_194786_24648419-2-09_1-1_page-0001-1-212x300.jpg 212w, https:\/\/fesusepitesz.hu\/wp-content\/uploads\/2024\/03\/FinCertificateFull_194786_24648419-2-09_1-1_page-0001-1-768x1087.jpg 768w, https:\/\/fesusepitesz.hu\/wp-content\/uploads\/2024\/03\/FinCertificateFull_194786_24648419-2-09_1-1_page-0001-1-1085x1536.jpg 1085w, https:\/\/fesusepitesz.hu\/wp-content\/uploads\/2024\/03\/FinCertificateFull_194786_24648419-2-09_1-1_page-0001-1.jpg 1240w\" sizes=\"(max-width: 724px) 100vw, 724px\" \/>\t\t\t\t\t\t\t\t\t\t\t\t\t\t\t<\/div>\n\t\t\t\t<\/div>\n\t\t\t\t\t<\/div>\n\t\t<\/div>\n\t\t\t\t\t\t\t<\/div>\n\t\t<\/section>\n\t\t\t\t\t<\/div>\n\t\t<\/div>\n\t\t\t\t\t\t\t<\/div>\n\t\t<\/section>\n\t\t\t\t\t\t\t<\/div>\n\t\t","protected":false},"excerpt":{"rendered":"<p>IRODA Az iroda a jelenlegi strukt\u00far\u00e1j\u00e1ban 1998. \u00f3ta m\u0171k\u00f6dik. Tulajdonosa az \u00fcgyvezet\u0151i hat\u00e1sk\u00f6rt is ell\u00e1t\u00f3 F\u00e9s\u00fcs P\u00e9ter vezet\u0151 tervez\u0151. Az iroda \u201eklasszikus\u201d \u00e9p\u00edt\u00e9sziroda, h\u00e1zon bel\u00fcl csak az \u00e9p\u00edt\u00e9szeti \u2013 gener\u00e1ltervez\u00e9si szak\u00e1gakat foglalja mag\u00e1ba. Az iroda \u201ebels\u0151\u201d l\u00e9tsz\u00e1ma jelenleg 5 f\u0151. A j\u00f3l \u00f6sszeszokott csapat rugalmasan \u00e9s dinamikusan k\u00e9pes megoldani mindig az adott feladatot, a kapacit\u00e1st&hellip;&nbsp;<a href=\"https:\/\/fesusepitesz.hu\/index.php\/cegismerteto\/\" class=\"\" rel=\"bookmark\">Read More &raquo;<span class=\"screen-reader-text\">R\u00f3lunk<\/span><\/a><\/p>\n","protected":false},"author":1,"featured_media":0,"parent":0,"menu_order":0,"comment_status":"closed","ping_status":"closed","template":"page-templates\/template-pagebuilder-full-width.php","meta":{"neve_meta_sidebar":"","neve_meta_container":"","neve_meta_enable_content_width":"","neve_meta_content_width":0,"neve_meta_title_alignment":"","neve_meta_author_avatar":"","neve_post_elements_order":"","neve_meta_disable_header":"","neve_meta_disable_footer":"","neve_meta_disable_title":"","footnotes":""},"yoast_head":"<!-- This site is optimized with the Yoast SEO plugin v21.9.1 - https:\/\/yoast.com\/wordpress\/plugins\/seo\/ -->\n<title>R\u00f3lunk - fesusepitesz<\/title>\n<meta name=\"robots\" content=\"index, follow, max-snippet:-1, max-image-preview:large, max-video-preview:-1\" \/>\n<link rel=\"canonical\" href=\"https:\/\/fesusepitesz.hu\/index.php\/cegismerteto\/\" \/>\n<meta property=\"og:locale\" content=\"en_US\" \/>\n<meta property=\"og:type\" content=\"article\" \/>\n<meta property=\"og:title\" content=\"R\u00f3lunk - fesusepitesz\" \/>\n<meta property=\"og:description\" content=\"IRODA Az iroda a jelenlegi strukt\u00far\u00e1j\u00e1ban 1998. \u00f3ta m\u0171k\u00f6dik. Tulajdonosa az \u00fcgyvezet\u0151i hat\u00e1sk\u00f6rt is ell\u00e1t\u00f3 F\u00e9s\u00fcs P\u00e9ter vezet\u0151 tervez\u0151. Az iroda \u201eklasszikus\u201d \u00e9p\u00edt\u00e9sziroda, h\u00e1zon bel\u00fcl csak az \u00e9p\u00edt\u00e9szeti \u2013 gener\u00e1ltervez\u00e9si szak\u00e1gakat foglalja mag\u00e1ba. Az iroda \u201ebels\u0151\u201d l\u00e9tsz\u00e1ma jelenleg 5 f\u0151. A j\u00f3l \u00f6sszeszokott csapat rugalmasan \u00e9s dinamikusan k\u00e9pes megoldani mindig az adott feladatot, a kapacit\u00e1st&hellip;&nbsp;Read More &raquo;R\u00f3lunk\" \/>\n<meta property=\"og:url\" content=\"https:\/\/fesusepitesz.hu\/index.php\/cegismerteto\/\" \/>\n<meta property=\"og:site_name\" content=\"fesusepitesz\" \/>\n<meta property=\"article:modified_time\" content=\"2024-03-29T20:08:03+00:00\" \/>\n<meta property=\"og:image\" content=\"http:\/\/fesusepitesz.hu\/wp-content\/uploads\/2024\/03\/FinCertificateFull_194786_24648419-2-09_1-1_page-0001-1-724x1024.jpg\" \/>\n<meta name=\"twitter:card\" content=\"summary_large_image\" \/>\n<meta name=\"twitter:label1\" content=\"Est. reading time\" \/>\n\t<meta name=\"twitter:data1\" content=\"2 minutes\" \/>\n<script type=\"application\/ld+json\" class=\"yoast-schema-graph\">{\"@context\":\"https:\/\/schema.org\",\"@graph\":[{\"@type\":\"WebPage\",\"@id\":\"https:\/\/fesusepitesz.hu\/index.php\/cegismerteto\/\",\"url\":\"https:\/\/fesusepitesz.hu\/index.php\/cegismerteto\/\",\"name\":\"R\u00f3lunk - fesusepitesz\",\"isPartOf\":{\"@id\":\"https:\/\/fesusepitesz.hu\/#website\"},\"datePublished\":\"2023-10-10T19:29:39+00:00\",\"dateModified\":\"2024-03-29T20:08:03+00:00\",\"breadcrumb\":{\"@id\":\"https:\/\/fesusepitesz.hu\/index.php\/cegismerteto\/#breadcrumb\"},\"inLanguage\":\"en-US\",\"potentialAction\":[{\"@type\":\"ReadAction\",\"target\":[\"https:\/\/fesusepitesz.hu\/index.php\/cegismerteto\/\"]}]},{\"@type\":\"BreadcrumbList\",\"@id\":\"https:\/\/fesusepitesz.hu\/index.php\/cegismerteto\/#breadcrumb\",\"itemListElement\":[{\"@type\":\"ListItem\",\"position\":1,\"name\":\"Home\",\"item\":\"https:\/\/fesusepitesz.hu\/\"},{\"@type\":\"ListItem\",\"position\":2,\"name\":\"R\u00f3lunk\"}]},{\"@type\":\"WebSite\",\"@id\":\"https:\/\/fesusepitesz.hu\/#website\",\"url\":\"https:\/\/fesusepitesz.hu\/\",\"name\":\"F\u00e9s\u00fcs \u00e9p\u00edt\u00e9sz\",\"description\":\"\",\"potentialAction\":[{\"@type\":\"SearchAction\",\"target\":{\"@type\":\"EntryPoint\",\"urlTemplate\":\"https:\/\/fesusepitesz.hu\/?s={search_term_string}\"},\"query-input\":\"required name=search_term_string\"}],\"inLanguage\":\"en-US\"}]}<\/script>\n<!-- \/ Yoast SEO plugin. -->","yoast_head_json":{"title":"R\u00f3lunk - fesusepitesz","robots":{"index":"index","follow":"follow","max-snippet":"max-snippet:-1","max-image-preview":"max-image-preview:large","max-video-preview":"max-video-preview:-1"},"canonical":"https:\/\/fesusepitesz.hu\/index.php\/cegismerteto\/","og_locale":"en_US","og_type":"article","og_title":"R\u00f3lunk - fesusepitesz","og_description":"IRODA Az iroda a jelenlegi strukt\u00far\u00e1j\u00e1ban 1998. \u00f3ta m\u0171k\u00f6dik. Tulajdonosa az \u00fcgyvezet\u0151i hat\u00e1sk\u00f6rt is ell\u00e1t\u00f3 F\u00e9s\u00fcs P\u00e9ter vezet\u0151 tervez\u0151. Az iroda \u201eklasszikus\u201d \u00e9p\u00edt\u00e9sziroda, h\u00e1zon bel\u00fcl csak az \u00e9p\u00edt\u00e9szeti \u2013 gener\u00e1ltervez\u00e9si szak\u00e1gakat foglalja mag\u00e1ba. Az iroda \u201ebels\u0151\u201d l\u00e9tsz\u00e1ma jelenleg 5 f\u0151. A j\u00f3l \u00f6sszeszokott csapat rugalmasan \u00e9s dinamikusan k\u00e9pes megoldani mindig az adott feladatot, a kapacit\u00e1st&hellip;&nbsp;Read More &raquo;R\u00f3lunk","og_url":"https:\/\/fesusepitesz.hu\/index.php\/cegismerteto\/","og_site_name":"fesusepitesz","article_modified_time":"2024-03-29T20:08:03+00:00","og_image":[{"url":"http:\/\/fesusepitesz.hu\/wp-content\/uploads\/2024\/03\/FinCertificateFull_194786_24648419-2-09_1-1_page-0001-1-724x1024.jpg"}],"twitter_card":"summary_large_image","twitter_misc":{"Est. reading time":"2 minutes"},"schema":{"@context":"https:\/\/schema.org","@graph":[{"@type":"WebPage","@id":"https:\/\/fesusepitesz.hu\/index.php\/cegismerteto\/","url":"https:\/\/fesusepitesz.hu\/index.php\/cegismerteto\/","name":"R\u00f3lunk - fesusepitesz","isPartOf":{"@id":"https:\/\/fesusepitesz.hu\/#website"},"datePublished":"2023-10-10T19:29:39+00:00","dateModified":"2024-03-29T20:08:03+00:00","breadcrumb":{"@id":"https:\/\/fesusepitesz.hu\/index.php\/cegismerteto\/#breadcrumb"},"inLanguage":"en-US","potentialAction":[{"@type":"ReadAction","target":["https:\/\/fesusepitesz.hu\/index.php\/cegismerteto\/"]}]},{"@type":"BreadcrumbList","@id":"https:\/\/fesusepitesz.hu\/index.php\/cegismerteto\/#breadcrumb","itemListElement":[{"@type":"ListItem","position":1,"name":"Home","item":"https:\/\/fesusepitesz.hu\/"},{"@type":"ListItem","position":2,"name":"R\u00f3lunk"}]},{"@type":"WebSite","@id":"https:\/\/fesusepitesz.hu\/#website","url":"https:\/\/fesusepitesz.hu\/","name":"F\u00e9s\u00fcs \u00e9p\u00edt\u00e9sz","description":"","potentialAction":[{"@type":"SearchAction","target":{"@type":"EntryPoint","urlTemplate":"https:\/\/fesusepitesz.hu\/?s={search_term_string}"},"query-input":"required name=search_term_string"}],"inLanguage":"en-US"}]}},"_links":{"self":[{"href":"https:\/\/fesusepitesz.hu\/index.php\/wp-json\/wp\/v2\/pages\/258"}],"collection":[{"href":"https:\/\/fesusepitesz.hu\/index.php\/wp-json\/wp\/v2\/pages"}],"about":[{"href":"https:\/\/fesusepitesz.hu\/index.php\/wp-json\/wp\/v2\/types\/page"}],"author":[{"embeddable":true,"href":"https:\/\/fesusepitesz.hu\/index.php\/wp-json\/wp\/v2\/users\/1"}],"replies":[{"embeddable":true,"href":"https:\/\/fesusepitesz.hu\/index.php\/wp-json\/wp\/v2\/comments?post=258"}],"version-history":[{"count":107,"href":"https:\/\/fesusepitesz.hu\/index.php\/wp-json\/wp\/v2\/pages\/258\/revisions"}],"predecessor-version":[{"id":2887,"href":"https:\/\/fesusepitesz.hu\/index.php\/wp-json\/wp\/v2\/pages\/258\/revisions\/2887"}],"wp:attachment":[{"href":"https:\/\/fesusepitesz.hu\/index.php\/wp-json\/wp\/v2\/media?parent=258"}],"curies":[{"name":"wp","href":"https:\/\/api.w.org\/{rel}","templated":true}]}}