{"id":48,"date":"2023-10-10T13:28:47","date_gmt":"2023-10-10T13:28:47","guid":{"rendered":"http:\/\/fesusepitesz.hu\/?page_id=48"},"modified":"2024-02-16T18:13:48","modified_gmt":"2024-02-16T18:13:48","slug":"f","status":"publish","type":"page","link":"https:\/\/fesusepitesz.hu\/","title":{"rendered":"home"},"content":{"rendered":"\t\t<div data-elementor-type=\"wp-page\" data-elementor-id=\"48\" class=\"elementor elementor-48\" data-elementor-post-type=\"page\">\n\t\t\t\t\t\t\t\t\t<section class=\"elementor-section elementor-top-section elementor-element elementor-element-2b9cf084 elementor-section-content-middle elementor-section-full_width elementor-section-height-default elementor-section-height-default\" data-id=\"2b9cf084\" data-element_type=\"section\" data-settings=\"{&quot;background_background&quot;:&quot;classic&quot;}\">\n\t\t\t\t\t\t<div class=\"elementor-container elementor-column-gap-no\">\n\t\t\t\t\t<div class=\"elementor-column elementor-col-100 elementor-top-column elementor-element elementor-element-2dc7c7e1\" data-id=\"2dc7c7e1\" data-element_type=\"column\">\n\t\t\t<div class=\"elementor-widget-wrap elementor-element-populated\">\n\t\t\t\t\t\t\t\t<div class=\"elementor-element elementor-element-58ee09a4 elementor-skin-carousel elementor-widget elementor-widget-media-carousel\" data-id=\"58ee09a4\" data-element_type=\"widget\" data-settings=\"{&quot;space_between&quot;:{&quot;unit&quot;:&quot;px&quot;,&quot;size&quot;:0,&quot;sizes&quot;:[]},&quot;slides_per_view&quot;:&quot;1&quot;,&quot;speed&quot;:1500,&quot;autoplay_speed&quot;:6000,&quot;slides_to_scroll&quot;:&quot;1&quot;,&quot;lazyload&quot;:&quot;yes&quot;,&quot;space_between_mobile&quot;:{&quot;unit&quot;:&quot;px&quot;,&quot;size&quot;:0,&quot;sizes&quot;:[]},&quot;skin&quot;:&quot;carousel&quot;,&quot;effect&quot;:&quot;slide&quot;,&quot;autoplay&quot;:&quot;yes&quot;,&quot;loop&quot;:&quot;yes&quot;,&quot;space_between_tablet&quot;:{&quot;unit&quot;:&quot;px&quot;,&quot;size&quot;:10,&quot;sizes&quot;:[]}}\" data-widget_type=\"media-carousel.default\">\n\t\t\t\t<div class=\"elementor-widget-container\">\n\t\t\t<link rel=\"stylesheet\" href=\"https:\/\/fesusepitesz.hu\/wp-content\/plugins\/elementor-pro\/assets\/css\/widget-carousel.min.css\">\t\t<div class=\"elementor-swiper\">\n\t\t\t<div class=\"elementor-main-swiper swiper\">\n\t\t\t\t<div class=\"swiper-wrapper\">\n\t\t\t\t\t\t\t\t\t\t\t<div class=\"swiper-slide\">\n\t\t\t\t\t\t\t\t\t<div class=\"elementor-carousel-image swiper-lazy\" role=\"img\" aria-label=\"IMG_6577\" data-background=\"https:\/\/fesusepitesz.hu\/wp-content\/uploads\/2023\/10\/IMG_6577-1536x1197.png\">\n\n\t\t\t\t\t\t\t<div class=\"swiper-lazy-preloader\"><\/div>\n\t\t\t\n\t\t\t\t\t<\/div>\n\t\t\t\t\t\t\t\t<\/div>\n\t\t\t\t\t\t\t\t\t\t\t<div class=\"swiper-slide\">\n\t\t\t\t\t\t\t\t\t<div class=\"elementor-carousel-image swiper-lazy\" role=\"img\" aria-label=\"DSC_0331\" data-background=\"https:\/\/fesusepitesz.hu\/wp-content\/uploads\/2023\/10\/DSC_0331-1536x1035.png\">\n\n\t\t\t\t\t\t\t<div class=\"swiper-lazy-preloader\"><\/div>\n\t\t\t\n\t\t\t\t\t<\/div>\n\t\t\t\t\t\t\t\t<\/div>\n\t\t\t\t\t\t\t\t\t\t\t<div class=\"swiper-slide\">\n\t\t\t\t\t\t\t\t\t<div class=\"elementor-carousel-image swiper-lazy\" role=\"img\" aria-label=\"Bajcsy-Zsilinszky_u_40_01\" data-background=\"https:\/\/fesusepitesz.hu\/wp-content\/uploads\/2023\/10\/Bajcsy-Zsilinszky_u_40_01-1-1536x895.png\">\n\n\t\t\t\t\t\t\t<div class=\"swiper-lazy-preloader\"><\/div>\n\t\t\t\n\t\t\t\t\t<\/div>\n\t\t\t\t\t\t\t\t<\/div>\n\t\t\t\t\t\t\t\t\t\t\t<div class=\"swiper-slide\">\n\t\t\t\t\t\t\t\t\t<div class=\"elementor-carousel-image swiper-lazy\" role=\"img\" aria-label=\"01_2\" data-background=\"https:\/\/fesusepitesz.hu\/wp-content\/uploads\/2023\/12\/01_2-1-1536x864.jpg\">\n\n\t\t\t\t\t\t\t<div class=\"swiper-lazy-preloader\"><\/div>\n\t\t\t\n\t\t\t\t\t<\/div>\n\t\t\t\t\t\t\t\t<\/div>\n\t\t\t\t\t\t\t\t\t\t\t<div class=\"swiper-slide\">\n\t\t\t\t\t\t\t\t\t<div class=\"elementor-carousel-image swiper-lazy\" role=\"img\" aria-label=\"LION_01\" data-background=\"https:\/\/fesusepitesz.hu\/wp-content\/uploads\/2023\/10\/LION_01-1536x1094.png\">\n\n\t\t\t\t\t\t\t<div class=\"swiper-lazy-preloader\"><\/div>\n\t\t\t\n\t\t\t\t\t<\/div>\n\t\t\t\t\t\t\t\t<\/div>\n\t\t\t\t\t\t\t\t\t<\/div>\n\t\t\t\t\t\t\t\t\t\t\t\t\t\t\t\t\t\t\t\t\t<\/div>\n\t\t<\/div>\n\t\t\t\t<\/div>\n\t\t\t\t<\/div>\n\t\t\t\t\t<\/div>\n\t\t<\/div>\n\t\t\t\t\t\t\t<\/div>\n\t\t<\/section>\n\t\t\t\t\t\t\t<\/div>\n\t\t","protected":false},"excerpt":{"rendered":"","protected":false},"author":1,"featured_media":0,"parent":0,"menu_order":0,"comment_status":"closed","ping_status":"closed","template":"page-templates\/template-pagebuilder-full-width.php","meta":{"neve_meta_sidebar":"","neve_meta_container":"","neve_meta_enable_content_width":"","neve_meta_content_width":0,"neve_meta_title_alignment":"","neve_meta_author_avatar":"","neve_post_elements_order":"","neve_meta_disable_header":"","neve_meta_disable_footer":"","neve_meta_disable_title":"","footnotes":""},"yoast_head":"<!-- This site is optimized with the Yoast SEO plugin v21.9.1 - https:\/\/yoast.com\/wordpress\/plugins\/seo\/ -->\n<title>F\u00e9s\u00fcs \u00c9p\u00edt\u00e9sz Tervez\u0151 Kft.<\/title>\n<meta name=\"description\" content=\"F\u00e9s\u00fcs \u00c9p\u00edt\u00e9sz Tervez\u0151 Kft. - N\u00edv\u00f3d\u00edjas \u00e9p\u00edt\u00e9szeti innov\u00e1ci\u00f3 \u00e9s fenntarthat\u00f3 ingatlanfejleszt\u00e9s Debrecenben, 1998 \u00f3ta.\" \/>\n<meta name=\"robots\" content=\"index, follow, max-snippet:-1, max-image-preview:large, max-video-preview:-1\" \/>\n<link rel=\"canonical\" href=\"https:\/\/fesusepitesz.hu\/\" \/>\n<meta property=\"og:locale\" content=\"en_US\" \/>\n<meta property=\"og:type\" content=\"article\" \/>\n<meta property=\"og:title\" content=\"F\u00e9s\u00fcs \u00c9p\u00edt\u00e9sz Tervez\u0151 Kft.\" \/>\n<meta property=\"og:description\" content=\"F\u00e9s\u00fcs \u00c9p\u00edt\u00e9sz Tervez\u0151 Kft. - N\u00edv\u00f3d\u00edjas \u00e9p\u00edt\u00e9szeti innov\u00e1ci\u00f3 \u00e9s fenntarthat\u00f3 ingatlanfejleszt\u00e9s Debrecenben, 1998 \u00f3ta.\" \/>\n<meta property=\"og:url\" content=\"https:\/\/fesusepitesz.hu\/\" \/>\n<meta property=\"og:site_name\" content=\"fesusepitesz\" \/>\n<meta property=\"article:modified_time\" content=\"2024-02-16T18:13:48+00:00\" \/>\n<meta name=\"twitter:card\" content=\"summary_large_image\" \/>\n<script type=\"application\/ld+json\" class=\"yoast-schema-graph\">{\"@context\":\"https:\/\/schema.org\",\"@graph\":[{\"@type\":\"WebPage\",\"@id\":\"https:\/\/fesusepitesz.hu\/\",\"url\":\"https:\/\/fesusepitesz.hu\/\",\"name\":\"F\u00e9s\u00fcs \u00c9p\u00edt\u00e9sz Tervez\u0151 Kft.\",\"isPartOf\":{\"@id\":\"https:\/\/fesusepitesz.hu\/#website\"},\"datePublished\":\"2023-10-10T13:28:47+00:00\",\"dateModified\":\"2024-02-16T18:13:48+00:00\",\"description\":\"F\u00e9s\u00fcs \u00c9p\u00edt\u00e9sz Tervez\u0151 Kft. - N\u00edv\u00f3d\u00edjas \u00e9p\u00edt\u00e9szeti innov\u00e1ci\u00f3 \u00e9s fenntarthat\u00f3 ingatlanfejleszt\u00e9s Debrecenben, 1998 \u00f3ta.\",\"breadcrumb\":{\"@id\":\"https:\/\/fesusepitesz.hu\/#breadcrumb\"},\"inLanguage\":\"en-US\",\"potentialAction\":[{\"@type\":\"ReadAction\",\"target\":[\"https:\/\/fesusepitesz.hu\/\"]}]},{\"@type\":\"BreadcrumbList\",\"@id\":\"https:\/\/fesusepitesz.hu\/#breadcrumb\",\"itemListElement\":[{\"@type\":\"ListItem\",\"position\":1,\"name\":\"Home\",\"item\":\"https:\/\/fesusepitesz.hu\/\"},{\"@type\":\"ListItem\",\"position\":2,\"name\":\"home\"}]},{\"@type\":\"WebSite\",\"@id\":\"https:\/\/fesusepitesz.hu\/#website\",\"url\":\"https:\/\/fesusepitesz.hu\/\",\"name\":\"F\u00e9s\u00fcs \u00e9p\u00edt\u00e9sz\",\"description\":\"\",\"potentialAction\":[{\"@type\":\"SearchAction\",\"target\":{\"@type\":\"EntryPoint\",\"urlTemplate\":\"https:\/\/fesusepitesz.hu\/?s={search_term_string}\"},\"query-input\":\"required name=search_term_string\"}],\"inLanguage\":\"en-US\"}]}<\/script>\n<!-- \/ Yoast SEO plugin. -->","yoast_head_json":{"title":"F\u00e9s\u00fcs \u00c9p\u00edt\u00e9sz Tervez\u0151 Kft.","description":"F\u00e9s\u00fcs \u00c9p\u00edt\u00e9sz Tervez\u0151 Kft. - N\u00edv\u00f3d\u00edjas \u00e9p\u00edt\u00e9szeti innov\u00e1ci\u00f3 \u00e9s fenntarthat\u00f3 ingatlanfejleszt\u00e9s Debrecenben, 1998 \u00f3ta.","robots":{"index":"index","follow":"follow","max-snippet":"max-snippet:-1","max-image-preview":"max-image-preview:large","max-video-preview":"max-video-preview:-1"},"canonical":"https:\/\/fesusepitesz.hu\/","og_locale":"en_US","og_type":"article","og_title":"F\u00e9s\u00fcs \u00c9p\u00edt\u00e9sz Tervez\u0151 Kft.","og_description":"F\u00e9s\u00fcs \u00c9p\u00edt\u00e9sz Tervez\u0151 Kft. - N\u00edv\u00f3d\u00edjas \u00e9p\u00edt\u00e9szeti innov\u00e1ci\u00f3 \u00e9s fenntarthat\u00f3 ingatlanfejleszt\u00e9s Debrecenben, 1998 \u00f3ta.","og_url":"https:\/\/fesusepitesz.hu\/","og_site_name":"fesusepitesz","article_modified_time":"2024-02-16T18:13:48+00:00","twitter_card":"summary_large_image","schema":{"@context":"https:\/\/schema.org","@graph":[{"@type":"WebPage","@id":"https:\/\/fesusepitesz.hu\/","url":"https:\/\/fesusepitesz.hu\/","name":"F\u00e9s\u00fcs \u00c9p\u00edt\u00e9sz Tervez\u0151 Kft.","isPartOf":{"@id":"https:\/\/fesusepitesz.hu\/#website"},"datePublished":"2023-10-10T13:28:47+00:00","dateModified":"2024-02-16T18:13:48+00:00","description":"F\u00e9s\u00fcs \u00c9p\u00edt\u00e9sz Tervez\u0151 Kft. - N\u00edv\u00f3d\u00edjas \u00e9p\u00edt\u00e9szeti innov\u00e1ci\u00f3 \u00e9s fenntarthat\u00f3 ingatlanfejleszt\u00e9s Debrecenben, 1998 \u00f3ta.","breadcrumb":{"@id":"https:\/\/fesusepitesz.hu\/#breadcrumb"},"inLanguage":"en-US","potentialAction":[{"@type":"ReadAction","target":["https:\/\/fesusepitesz.hu\/"]}]},{"@type":"BreadcrumbList","@id":"https:\/\/fesusepitesz.hu\/#breadcrumb","itemListElement":[{"@type":"ListItem","position":1,"name":"Home","item":"https:\/\/fesusepitesz.hu\/"},{"@type":"ListItem","position":2,"name":"home"}]},{"@type":"WebSite","@id":"https:\/\/fesusepitesz.hu\/#website","url":"https:\/\/fesusepitesz.hu\/","name":"F\u00e9s\u00fcs \u00e9p\u00edt\u00e9sz","description":"","potentialAction":[{"@type":"SearchAction","target":{"@type":"EntryPoint","urlTemplate":"https:\/\/fesusepitesz.hu\/?s={search_term_string}"},"query-input":"required name=search_term_string"}],"inLanguage":"en-US"}]}},"_links":{"self":[{"href":"https:\/\/fesusepitesz.hu\/index.php\/wp-json\/wp\/v2\/pages\/48"}],"collection":[{"href":"https:\/\/fesusepitesz.hu\/index.php\/wp-json\/wp\/v2\/pages"}],"about":[{"href":"https:\/\/fesusepitesz.hu\/index.php\/wp-json\/wp\/v2\/types\/page"}],"author":[{"embeddable":true,"href":"https:\/\/fesusepitesz.hu\/index.php\/wp-json\/wp\/v2\/users\/1"}],"replies":[{"embeddable":true,"href":"https:\/\/fesusepitesz.hu\/index.php\/wp-json\/wp\/v2\/comments?post=48"}],"version-history":[{"count":674,"href":"https:\/\/fesusepitesz.hu\/index.php\/wp-json\/wp\/v2\/pages\/48\/revisions"}],"predecessor-version":[{"id":2882,"href":"https:\/\/fesusepitesz.hu\/index.php\/wp-json\/wp\/v2\/pages\/48\/revisions\/2882"}],"wp:attachment":[{"href":"https:\/\/fesusepitesz.hu\/index.php\/wp-json\/wp\/v2\/media?parent=48"}],"curies":[{"name":"wp","href":"https:\/\/api.w.org\/{rel}","templated":true}]}}